{"id":41,"date":"2024-03-26T17:25:14","date_gmt":"2024-03-26T16:25:14","guid":{"rendered":"https:\/\/hyevent.fr\/?page_id=41"},"modified":"2025-12-01T16:44:53","modified_gmt":"2025-12-01T15:44:53","slug":"contacts","status":"publish","type":"page","link":"https:\/\/hyevent.fr\/index.php\/contacts\/","title":{"rendered":"Contacts"},"content":{"rendered":"\t\t<div data-elementor-type=\"wp-page\" data-elementor-id=\"41\" class=\"elementor elementor-41\">\n\t\t\t\t<div class=\"elementor-element elementor-element-97e90f0 e-flex e-con-boxed e-con e-parent\" data-id=\"97e90f0\" data-element_type=\"container\">\n\t\t\t\t\t<div class=\"e-con-inner\">\n\t\t<div class=\"elementor-element elementor-element-9ca9661 e-con-full e-flex e-con e-child\" data-id=\"9ca9661\" data-element_type=\"container\">\n\t\t\t\t<div class=\"elementor-element elementor-element-dcf29d0 elementor-widget elementor-widget-image\" data-id=\"dcf29d0\" data-element_type=\"widget\" data-widget_type=\"image.default\">\n\t\t\t\t<div class=\"elementor-widget-container\">\n\t\t\t\t\t\t\t\t\t\t\t\t\t\t\t<img fetchpriority=\"high\" decoding=\"async\" width=\"500\" height=\"500\" src=\"https:\/\/hyevent.fr\/wp-content\/uploads\/2024\/03\/Logo-2.png\" class=\"attachment-large size-large wp-image-96\" alt=\"\" srcset=\"https:\/\/hyevent.fr\/wp-content\/uploads\/2024\/03\/Logo-2.png 500w, https:\/\/hyevent.fr\/wp-content\/uploads\/2024\/03\/Logo-2-300x300.png 300w, https:\/\/hyevent.fr\/wp-content\/uploads\/2024\/03\/Logo-2-150x150.png 150w\" sizes=\"(max-width: 500px) 100vw, 500px\" \/>\t\t\t\t\t\t\t\t\t\t\t\t\t\t\t<\/div>\n\t\t\t\t<\/div>\n\t\t\t\t<\/div>\n\t\t<div class=\"elementor-element elementor-element-7c7fba7 e-con-full e-flex e-con e-child\" data-id=\"7c7fba7\" data-element_type=\"container\">\n\t\t\t\t<div class=\"elementor-element elementor-element-85cc13e elementor-widget elementor-widget-formidable\" data-id=\"85cc13e\" data-element_type=\"widget\" data-widget_type=\"formidable.default\">\n\t\t\t\t<div class=\"elementor-widget-container\">\n\t\t\t\t\t<div class=\"frm_forms  with_frm_style frm_style_style-formidable\" id=\"frm_form_1_container\" >\n<form enctype=\"multipart\/form-data\" method=\"post\" class=\"frm-show-form \" id=\"form_contact-form\" >\n<div class=\"frm_form_fields \">\n<fieldset>\n<legend class=\"frm_screen_reader\">Contacts<\/legend>\r\n\r\n<div class=\"frm_fields_container\">\n<input type=\"hidden\" name=\"frm_action\" value=\"create\" \/>\n<input type=\"hidden\" name=\"form_id\" value=\"1\" \/>\n<input type=\"hidden\" name=\"frm_hide_fields_1\" id=\"frm_hide_fields_1\" value=\"\" \/>\n<input type=\"hidden\" name=\"form_key\" value=\"contact-form\" \/>\n<input type=\"hidden\" name=\"item_meta[0]\" value=\"\" \/>\n<input type=\"hidden\" id=\"frm_submit_entry_1\" name=\"frm_submit_entry_1\" value=\"661aea516b\" \/><input type=\"hidden\" name=\"_wp_http_referer\" value=\"\/index.php\/wp-json\/wp\/v2\/pages\/41\" \/><div id=\"frm_field_1_container\" class=\"frm_form_field form-field  frm_required_field frm_top_container frm_first frm_half\">\r\n    <label for=\"field_qh4icy\" id=\"field_qh4icy_label\" class=\"frm_primary_label\">Pr\u00e9nom\r\n        <span class=\"frm_required\" aria-hidden=\"true\">*<\/span>\r\n    <\/label>\r\n    <input type=\"text\" id=\"field_qh4icy\" name=\"item_meta[1]\" value=\"\"  data-reqmsg=\"Pr\u00e9nom ne peut \u00eatre vide.\" aria-required=\"true\" data-invmsg=\"Pr\u00e9nom est non valide\" aria-invalid=\"false\"  \/>\r\n    \r\n    \r\n<\/div>\n<div id=\"frm_field_2_container\" class=\"frm_form_field form-field  frm_required_field frm_top_container frm_half\">\r\n    <label for=\"field_ocfup1\" id=\"field_ocfup1_label\" class=\"frm_primary_label\">Nom\r\n        <span class=\"frm_required\" aria-hidden=\"true\">*<\/span>\r\n    <\/label>\r\n    <input type=\"text\" id=\"field_ocfup1\" name=\"item_meta[2]\" value=\"\"  data-reqmsg=\"Nom ne peut \u00eatre vide.\" aria-required=\"true\" data-invmsg=\"Nom est non valide\" aria-invalid=\"false\"  \/>\r\n    \r\n    \r\n<\/div>\n<div id=\"frm_field_3_container\" class=\"frm_form_field form-field  frm_required_field frm_top_container frm_full\">\r\n    <label for=\"field_29yf4d\" id=\"field_29yf4d_label\" class=\"frm_primary_label\">Email\r\n        <span class=\"frm_required\" aria-hidden=\"true\">*<\/span>\r\n    <\/label>\r\n    <input type=\"email\" id=\"field_29yf4d\" name=\"item_meta[3]\" value=\"\"  data-reqmsg=\"Email ne peut \u00eatre vide.\" aria-required=\"true\" data-invmsg=\"Merci d&#039;entr\u00e9e une adresse mail valide.\" aria-invalid=\"false\"  \/>\r\n    \r\n    \r\n<\/div>\n<div id=\"frm_field_7_container\" class=\"frm_form_field form-field  frm_required_field frm_top_container\">\r\n    <label for=\"field_zdyj7\" id=\"field_zdyj7_label\" class=\"frm_primary_label\">T\u00e9l\u00e9phone\r\n        <span class=\"frm_required\" aria-hidden=\"true\">*<\/span>\r\n    <\/label>\r\n    <input type=\"tel\" id=\"field_zdyj7\" name=\"item_meta[7]\" value=\"\"  data-reqmsg=\"T\u00e9l\u00e9phone cannot be blank.\" aria-required=\"true\" data-invmsg=\"T\u00e9l\u00e9phone est non valide\" aria-invalid=\"false\" pattern=\"((\\+\\d{1,3}(-|.| )?\\(?\\d\\)?(-| |.)?\\d{1,5})|(\\(?\\d{2,6}\\)?))(-|.| )?(\\d{3,4})(-|.| )?(\\d{4})(( x| ext)\\d{1,5}){0,1}$\"  \/>\r\n    \r\n    \r\n<\/div>\n<div id=\"frm_field_4_container\" class=\"frm_form_field form-field  frm_required_field frm_top_container frm_full\">\r\n    <label for=\"field_e6lis6\" id=\"field_e6lis6_label\" class=\"frm_primary_label\">Objet de votre demande\r\n        <span class=\"frm_required\" aria-hidden=\"true\">*<\/span>\r\n    <\/label>\r\n    <input type=\"text\" id=\"field_e6lis6\" name=\"item_meta[4]\" value=\"\"  data-reqmsg=\"Objet de votre demande ne peut \u00eatre vide.\" aria-required=\"true\" data-invmsg=\"Objet de votre demande est non valide\" aria-invalid=\"false\"  \/>\r\n    \r\n    \r\n<\/div>\n<div id=\"frm_field_5_container\" class=\"frm_form_field form-field  frm_required_field frm_top_container frm_full\">\r\n    <label for=\"field_9jv0r1\" id=\"field_9jv0r1_label\" class=\"frm_primary_label\">Message\r\n        <span class=\"frm_required\" aria-hidden=\"true\">*<\/span>\r\n    <\/label>\r\n    <textarea name=\"item_meta[5]\" id=\"field_9jv0r1\" rows=\"5\"  data-reqmsg=\"Message ne peut \u00eatre vide.\" aria-required=\"true\" data-invmsg=\"Message est non valide\" aria-invalid=\"false\"   aria-describedby=\"frm_desc_field_9jv0r1\"><\/textarea>\r\n    <div class=\"frm_description\" id=\"frm_desc_field_9jv0r1\">Pr\u00e9cisez votre projet (type d'\u00e9v\u00e9nement, date, lieu, nombre de personnes, prestations souhait\u00e9es)<\/div>\r\n    \r\n<\/div>\n<div id=\"frm_field_8_container\" class=\"frm_form_field form-field \">\r\n\t<div class=\"frm_submit frm_flex\">\r\n<button class=\"frm_button_submit\" type=\"submit\"  >Envoyer<\/button>\r\n\r\n\r\n\r\n<\/div>\r\n<\/div>\n\t<input type=\"hidden\" name=\"item_key\" value=\"\" \/>\n\t\t\t<div id=\"frm_field_9_container\">\n\t\t\t<label for=\"field_a882g\" >\n\t\t\t\tSi vous \u00eates un humain, ne remplissez pas ce champ.\t\t\t<\/label>\n\t\t\t<input  id=\"field_a882g\" type=\"text\" class=\"frm_form_field form-field frm_verify\" name=\"item_meta[9]\" value=\"\"  \/>\n\t\t<\/div>\n\t\t<input name=\"frm_state\" type=\"hidden\" value=\"sVwx6gNSc6cJ8H6fg4BK2F7uUsZghGPNdq4RgfVoYFw=\" \/><\/div>\n<\/fieldset>\n<\/div>\n\n<p style=\"display: none !important;\" class=\"akismet-fields-container\" data-prefix=\"ak_\"><label>&#916;<textarea name=\"ak_hp_textarea\" cols=\"45\" rows=\"8\" maxlength=\"100\"><\/textarea><\/label><input type=\"hidden\" id=\"ak_js_1\" name=\"ak_js\" value=\"88\"\/><script>document.getElementById( \"ak_js_1\" ).setAttribute( \"value\", ( new Date() ).getTime() );<\/script><\/p><\/form>\n<\/div>\n\t\t\t\t<\/div>\n\t\t\t\t<\/div>\n\t\t\t\t<\/div>\n\t\t\t\t\t<\/div>\n\t\t\t\t<\/div>\n\t\t<div class=\"elementor-element elementor-element-8898728 e-flex e-con-boxed e-con e-parent\" data-id=\"8898728\" data-element_type=\"container\">\n\t\t\t\t\t<div class=\"e-con-inner\">\n\t\t\t\t<div class=\"elementor-element elementor-element-a2035c5 elementor-widget elementor-widget-html\" data-id=\"a2035c5\" data-element_type=\"widget\" data-widget_type=\"html.default\">\n\t\t\t\t<div class=\"elementor-widget-container\">\n\t\t\t\t\t<!--Badge Linkaband g\u00e9n\u00e9r\u00e9 le 1-12-2025; Copyright Linkaband 2019--><a href='https:\/\/linkaband.com\/dj-manouman?utm_source=badge&utm_campaign=138497' target='_blank'><img src='https:\/\/linkaband.com\/assets\/images\/validation\/verified-noir.png' alt='Dj-manouman' style='width: 130px; height: 130px;'\/><\/a>\t\t\t\t<\/div>\n\t\t\t\t<\/div>\n\t\t\t\t\t<\/div>\n\t\t\t\t<\/div>\n\t\t\t\t<\/div>\n\t\t","protected":false},"excerpt":{"rendered":"<p>Contacts Pr\u00e9nom * Nom * Email * T\u00e9l\u00e9phone * Objet de votre demande * Message * Pr\u00e9cisez votre projet (type d&rsquo;\u00e9v\u00e9nement, date, lieu, nombre de personnes, prestations souhait\u00e9es) Envoyer Si vous \u00eates un humain, ne remplissez pas ce champ. &#916;<\/p>\n","protected":false},"author":1,"featured_media":0,"parent":0,"menu_order":0,"comment_status":"closed","ping_status":"closed","template":"","meta":{"neve_meta_sidebar":"","neve_meta_container":"","neve_meta_enable_content_width":"","neve_meta_content_width":0,"neve_meta_title_alignment":"","neve_meta_author_avatar":"","neve_post_elements_order":"","neve_meta_disable_header":"","neve_meta_disable_footer":"","neve_meta_disable_title":"","footnotes":""},"class_list":["post-41","page","type-page","status-publish","hentry"],"yoast_head":"<!-- This site is optimized with the Yoast SEO plugin v27.3 - https:\/\/yoast.com\/product\/yoast-seo-wordpress\/ -->\n<title>Contacts - HY EVENT<\/title>\n<meta name=\"robots\" content=\"index, follow, max-snippet:-1, max-image-preview:large, max-video-preview:-1\" \/>\n<link rel=\"canonical\" href=\"https:\/\/hyevent.fr\/index.php\/contacts\/\" \/>\n<meta property=\"og:locale\" content=\"fr_FR\" \/>\n<meta property=\"og:type\" content=\"article\" \/>\n<meta property=\"og:title\" content=\"Contacts - HY EVENT\" \/>\n<meta property=\"og:description\" content=\"Contacts Pr\u00e9nom * Nom * Email * T\u00e9l\u00e9phone * Objet de votre demande * Message * Pr\u00e9cisez votre projet (type d&rsquo;\u00e9v\u00e9nement, date, lieu, nombre de personnes, prestations souhait\u00e9es) Envoyer Si vous \u00eates un humain, ne remplissez pas ce champ. &#916;\" \/>\n<meta property=\"og:url\" content=\"https:\/\/hyevent.fr\/index.php\/contacts\/\" \/>\n<meta property=\"og:site_name\" content=\"HY EVENT\" \/>\n<meta property=\"article:publisher\" content=\"https:\/\/www.facebook.com\/HY.EVENT.PARIS\" \/>\n<meta property=\"article:modified_time\" content=\"2025-12-01T15:44:53+00:00\" \/>\n<meta property=\"og:image\" content=\"http:\/\/hyevent.fr\/wp-content\/uploads\/2024\/03\/Logo-2.png\" \/>\n<meta name=\"twitter:card\" content=\"summary_large_image\" \/>\n<meta name=\"twitter:label1\" content=\"Dur\u00e9e de lecture estim\u00e9e\" \/>\n\t<meta name=\"twitter:data1\" content=\"1 minute\" \/>\n<script type=\"application\/ld+json\" class=\"yoast-schema-graph\">{\"@context\":\"https:\\\/\\\/schema.org\",\"@graph\":[{\"@type\":\"WebPage\",\"@id\":\"https:\\\/\\\/hyevent.fr\\\/index.php\\\/contacts\\\/\",\"url\":\"https:\\\/\\\/hyevent.fr\\\/index.php\\\/contacts\\\/\",\"name\":\"Contacts - HY EVENT\",\"isPartOf\":{\"@id\":\"http:\\\/\\\/hyevent.fr\\\/#website\"},\"primaryImageOfPage\":{\"@id\":\"https:\\\/\\\/hyevent.fr\\\/index.php\\\/contacts\\\/#primaryimage\"},\"image\":{\"@id\":\"https:\\\/\\\/hyevent.fr\\\/index.php\\\/contacts\\\/#primaryimage\"},\"thumbnailUrl\":\"http:\\\/\\\/hyevent.fr\\\/wp-content\\\/uploads\\\/2024\\\/03\\\/Logo-2.png\",\"datePublished\":\"2024-03-26T16:25:14+00:00\",\"dateModified\":\"2025-12-01T15:44:53+00:00\",\"breadcrumb\":{\"@id\":\"https:\\\/\\\/hyevent.fr\\\/index.php\\\/contacts\\\/#breadcrumb\"},\"inLanguage\":\"fr-FR\",\"potentialAction\":[{\"@type\":\"ReadAction\",\"target\":[\"https:\\\/\\\/hyevent.fr\\\/index.php\\\/contacts\\\/\"]}]},{\"@type\":\"ImageObject\",\"inLanguage\":\"fr-FR\",\"@id\":\"https:\\\/\\\/hyevent.fr\\\/index.php\\\/contacts\\\/#primaryimage\",\"url\":\"https:\\\/\\\/hyevent.fr\\\/wp-content\\\/uploads\\\/2024\\\/03\\\/Logo-2.png\",\"contentUrl\":\"https:\\\/\\\/hyevent.fr\\\/wp-content\\\/uploads\\\/2024\\\/03\\\/Logo-2.png\",\"width\":500,\"height\":500},{\"@type\":\"BreadcrumbList\",\"@id\":\"https:\\\/\\\/hyevent.fr\\\/index.php\\\/contacts\\\/#breadcrumb\",\"itemListElement\":[{\"@type\":\"ListItem\",\"position\":1,\"name\":\"Accueil\",\"item\":\"http:\\\/\\\/hyevent.fr\\\/\"},{\"@type\":\"ListItem\",\"position\":2,\"name\":\"Contacts\"}]},{\"@type\":\"WebSite\",\"@id\":\"http:\\\/\\\/hyevent.fr\\\/#website\",\"url\":\"http:\\\/\\\/hyevent.fr\\\/\",\"name\":\"HY EVENT\",\"description\":\"Ensemble, sublimons votre \u00e9v\u00e9nement.\",\"publisher\":{\"@id\":\"http:\\\/\\\/hyevent.fr\\\/#organization\"},\"potentialAction\":[{\"@type\":\"SearchAction\",\"target\":{\"@type\":\"EntryPoint\",\"urlTemplate\":\"http:\\\/\\\/hyevent.fr\\\/?s={search_term_string}\"},\"query-input\":{\"@type\":\"PropertyValueSpecification\",\"valueRequired\":true,\"valueName\":\"search_term_string\"}}],\"inLanguage\":\"fr-FR\"},{\"@type\":\"Organization\",\"@id\":\"http:\\\/\\\/hyevent.fr\\\/#organization\",\"name\":\"HY EVENT\",\"url\":\"http:\\\/\\\/hyevent.fr\\\/\",\"logo\":{\"@type\":\"ImageObject\",\"inLanguage\":\"fr-FR\",\"@id\":\"http:\\\/\\\/hyevent.fr\\\/#\\\/schema\\\/logo\\\/image\\\/\",\"url\":\"https:\\\/\\\/hyevent.fr\\\/wp-content\\\/uploads\\\/2024\\\/03\\\/Logo-Hy-Event-e1711475951212.png\",\"contentUrl\":\"https:\\\/\\\/hyevent.fr\\\/wp-content\\\/uploads\\\/2024\\\/03\\\/Logo-Hy-Event-e1711475951212.png\",\"width\":130,\"height\":130,\"caption\":\"HY EVENT\"},\"image\":{\"@id\":\"http:\\\/\\\/hyevent.fr\\\/#\\\/schema\\\/logo\\\/image\\\/\"},\"sameAs\":[\"https:\\\/\\\/www.facebook.com\\\/HY.EVENT.PARIS\",\"https:\\\/\\\/www.instagram.com\\\/hy_event_paris\\\/\",\"https:\\\/\\\/www.linkedin.com\\\/company\\\/hy-event\\\/\"]}]}<\/script>\n<!-- \/ Yoast SEO plugin. -->","yoast_head_json":{"title":"Contacts - HY EVENT","robots":{"index":"index","follow":"follow","max-snippet":"max-snippet:-1","max-image-preview":"max-image-preview:large","max-video-preview":"max-video-preview:-1"},"canonical":"https:\/\/hyevent.fr\/index.php\/contacts\/","og_locale":"fr_FR","og_type":"article","og_title":"Contacts - HY EVENT","og_description":"Contacts Pr\u00e9nom * Nom * Email * T\u00e9l\u00e9phone * Objet de votre demande * Message * Pr\u00e9cisez votre projet (type d&rsquo;\u00e9v\u00e9nement, date, lieu, nombre de personnes, prestations souhait\u00e9es) Envoyer Si vous \u00eates un humain, ne remplissez pas ce champ. &#916;","og_url":"https:\/\/hyevent.fr\/index.php\/contacts\/","og_site_name":"HY EVENT","article_publisher":"https:\/\/www.facebook.com\/HY.EVENT.PARIS","article_modified_time":"2025-12-01T15:44:53+00:00","og_image":[{"url":"http:\/\/hyevent.fr\/wp-content\/uploads\/2024\/03\/Logo-2.png","type":"","width":"","height":""}],"twitter_card":"summary_large_image","twitter_misc":{"Dur\u00e9e de lecture estim\u00e9e":"1 minute"},"schema":{"@context":"https:\/\/schema.org","@graph":[{"@type":"WebPage","@id":"https:\/\/hyevent.fr\/index.php\/contacts\/","url":"https:\/\/hyevent.fr\/index.php\/contacts\/","name":"Contacts - HY EVENT","isPartOf":{"@id":"http:\/\/hyevent.fr\/#website"},"primaryImageOfPage":{"@id":"https:\/\/hyevent.fr\/index.php\/contacts\/#primaryimage"},"image":{"@id":"https:\/\/hyevent.fr\/index.php\/contacts\/#primaryimage"},"thumbnailUrl":"http:\/\/hyevent.fr\/wp-content\/uploads\/2024\/03\/Logo-2.png","datePublished":"2024-03-26T16:25:14+00:00","dateModified":"2025-12-01T15:44:53+00:00","breadcrumb":{"@id":"https:\/\/hyevent.fr\/index.php\/contacts\/#breadcrumb"},"inLanguage":"fr-FR","potentialAction":[{"@type":"ReadAction","target":["https:\/\/hyevent.fr\/index.php\/contacts\/"]}]},{"@type":"ImageObject","inLanguage":"fr-FR","@id":"https:\/\/hyevent.fr\/index.php\/contacts\/#primaryimage","url":"https:\/\/hyevent.fr\/wp-content\/uploads\/2024\/03\/Logo-2.png","contentUrl":"https:\/\/hyevent.fr\/wp-content\/uploads\/2024\/03\/Logo-2.png","width":500,"height":500},{"@type":"BreadcrumbList","@id":"https:\/\/hyevent.fr\/index.php\/contacts\/#breadcrumb","itemListElement":[{"@type":"ListItem","position":1,"name":"Accueil","item":"http:\/\/hyevent.fr\/"},{"@type":"ListItem","position":2,"name":"Contacts"}]},{"@type":"WebSite","@id":"http:\/\/hyevent.fr\/#website","url":"http:\/\/hyevent.fr\/","name":"HY EVENT","description":"Ensemble, sublimons votre \u00e9v\u00e9nement.","publisher":{"@id":"http:\/\/hyevent.fr\/#organization"},"potentialAction":[{"@type":"SearchAction","target":{"@type":"EntryPoint","urlTemplate":"http:\/\/hyevent.fr\/?s={search_term_string}"},"query-input":{"@type":"PropertyValueSpecification","valueRequired":true,"valueName":"search_term_string"}}],"inLanguage":"fr-FR"},{"@type":"Organization","@id":"http:\/\/hyevent.fr\/#organization","name":"HY EVENT","url":"http:\/\/hyevent.fr\/","logo":{"@type":"ImageObject","inLanguage":"fr-FR","@id":"http:\/\/hyevent.fr\/#\/schema\/logo\/image\/","url":"https:\/\/hyevent.fr\/wp-content\/uploads\/2024\/03\/Logo-Hy-Event-e1711475951212.png","contentUrl":"https:\/\/hyevent.fr\/wp-content\/uploads\/2024\/03\/Logo-Hy-Event-e1711475951212.png","width":130,"height":130,"caption":"HY EVENT"},"image":{"@id":"http:\/\/hyevent.fr\/#\/schema\/logo\/image\/"},"sameAs":["https:\/\/www.facebook.com\/HY.EVENT.PARIS","https:\/\/www.instagram.com\/hy_event_paris\/","https:\/\/www.linkedin.com\/company\/hy-event\/"]}]}},"_links":{"self":[{"href":"https:\/\/hyevent.fr\/index.php\/wp-json\/wp\/v2\/pages\/41","targetHints":{"allow":["GET"]}}],"collection":[{"href":"https:\/\/hyevent.fr\/index.php\/wp-json\/wp\/v2\/pages"}],"about":[{"href":"https:\/\/hyevent.fr\/index.php\/wp-json\/wp\/v2\/types\/page"}],"author":[{"embeddable":true,"href":"https:\/\/hyevent.fr\/index.php\/wp-json\/wp\/v2\/users\/1"}],"replies":[{"embeddable":true,"href":"https:\/\/hyevent.fr\/index.php\/wp-json\/wp\/v2\/comments?post=41"}],"version-history":[{"count":13,"href":"https:\/\/hyevent.fr\/index.php\/wp-json\/wp\/v2\/pages\/41\/revisions"}],"predecessor-version":[{"id":715,"href":"https:\/\/hyevent.fr\/index.php\/wp-json\/wp\/v2\/pages\/41\/revisions\/715"}],"wp:attachment":[{"href":"https:\/\/hyevent.fr\/index.php\/wp-json\/wp\/v2\/media?parent=41"}],"curies":[{"name":"wp","href":"https:\/\/api.w.org\/{rel}","templated":true}]}}