{"id":27,"date":"2024-03-29T16:49:01","date_gmt":"2024-03-29T15:49:01","guid":{"rendered":"https:\/\/hyevent.fr\/?page_id=27"},"modified":"2024-05-14T11:39:28","modified_gmt":"2024-05-14T09:39:28","slug":"qui-sommes-nous","status":"publish","type":"page","link":"https:\/\/hyevent.fr\/index.php\/qui-sommes-nous\/","title":{"rendered":"Qui sommes nous ?"},"content":{"rendered":"\t\t<div data-elementor-type=\"wp-page\" data-elementor-id=\"27\" class=\"elementor elementor-27\">\n\t\t\t\t<div class=\"elementor-element elementor-element-789254d e-flex e-con-boxed e-con e-parent\" data-id=\"789254d\" data-element_type=\"container\">\n\t\t\t\t\t<div class=\"e-con-inner\">\n\t\t\t\t<div class=\"elementor-element elementor-element-c9b4012 elementor-widget-divider--view-line elementor-widget elementor-widget-divider\" data-id=\"c9b4012\" data-element_type=\"widget\" data-widget_type=\"divider.default\">\n\t\t\t\t<div class=\"elementor-widget-container\">\n\t\t\t\t\t\t\t<div class=\"elementor-divider\">\n\t\t\t<span class=\"elementor-divider-separator\">\n\t\t\t\t\t\t<\/span>\n\t\t<\/div>\n\t\t\t\t\t\t<\/div>\n\t\t\t\t<\/div>\n\t\t\t\t\t<\/div>\n\t\t\t\t<\/div>\n\t\t<div class=\"elementor-element elementor-element-0690c43 e-flex e-con-boxed e-con e-parent\" data-id=\"0690c43\" data-element_type=\"container\">\n\t\t\t\t\t<div class=\"e-con-inner\">\n\t\t\t\t<div class=\"elementor-element elementor-element-9385576 elementor-widget elementor-widget-heading\" data-id=\"9385576\" data-element_type=\"widget\" data-widget_type=\"heading.default\">\n\t\t\t\t<div class=\"elementor-widget-container\">\n\t\t\t\t\t<h2 class=\"elementor-heading-title elementor-size-default\">G\u00e9n\u00e8sE de HY EVENT<\/h2>\t\t\t\t<\/div>\n\t\t\t\t<\/div>\n\t\t\t\t<div class=\"elementor-element elementor-element-7e0452d elementor-widget-divider--view-line elementor-widget elementor-widget-divider\" data-id=\"7e0452d\" data-element_type=\"widget\" data-widget_type=\"divider.default\">\n\t\t\t\t<div class=\"elementor-widget-container\">\n\t\t\t\t\t\t\t<div class=\"elementor-divider\">\n\t\t\t<span class=\"elementor-divider-separator\">\n\t\t\t\t\t\t<\/span>\n\t\t<\/div>\n\t\t\t\t\t\t<\/div>\n\t\t\t\t<\/div>\n\t\t\t\t\t<\/div>\n\t\t\t\t<\/div>\n\t\t<div class=\"elementor-element elementor-element-32ce30b e-flex e-con-boxed e-con e-parent\" data-id=\"32ce30b\" data-element_type=\"container\">\n\t\t\t\t\t<div class=\"e-con-inner\">\n\t\t\t\t<div class=\"elementor-element elementor-element-d04cb54 elementor-drop-cap-yes elementor-drop-cap-view-default elementor-widget elementor-widget-text-editor\" data-id=\"d04cb54\" data-element_type=\"widget\" data-settings=\"{&quot;drop_cap&quot;:&quot;yes&quot;}\" data-widget_type=\"text-editor.default\">\n\t\t\t\t<div class=\"elementor-widget-container\">\n\t\t\t\t\t\t\t\t\t<p><strong>HY EVENT<\/strong> est n\u00e9 d\u2019une passion commune depuis l\u2019enfance de deux fr\u00e8res, Emmanuel et Maxime, pour la musique, l\u2019animation et les \u00e9v\u00e9nements festifs de grande qualit\u00e9.<\/p><p><em>Au commencement, une compilation Dance Machine :<\/em><\/p><p>Fin des ann\u00e9es 90, en banlieue parisienne dans une chambre partag\u00e9e, tandis que le petit fr\u00e8re est encore dans ses jouets, le grand \u00e9veille son go\u00fbt pour la musique \u00e9lectronique en \u00e9coutant des compilations multi CD du genre \u00ab\u00a0Mega Techno Volume 4\u00a0\u00bb. C&rsquo;est l&rsquo;effervescence commerciale de la Trance, la Techno, l&rsquo;Eurodance et la Makina (petit exemple: <a href=\"https:\/\/www.youtube.com\/watch?v=JNeEwrHi4zs\">Floorfilla Anthem #2.<\/a>)<\/p><p>Un style de musique tr\u00e8s rythm\u00e9 &#8211; du \u00ab\u00a0boom boom\u00a0\u00bb pour les parents &#8211; qui donnait au cadet l&rsquo;envie de faire du trampoline sur le lit parental en leur absence. Le grand fr\u00e8re, lui, en profitait pour pousser le volume et activer le <em>\u00ab\u00a0Bass boost\u00a0\u00bb<\/em> de sa cha\u00eene hifi&#8230; Guid\u00e9 par sa soif de connaissance pour les ph\u00e9nom\u00e8nes physiques et la technologie qui permettait de les produire.<\/p><p>Fin des ann\u00e9es 2000, l&rsquo;adolescence passe, les go\u00fbts changent, le cadet pr\u00e9f\u00e8re le rap et le n\u00e9o m\u00e9tal tandis que l&rsquo;a\u00een\u00e9 est davantage sensible au spectacle, \u00e0 la com\u00e9die musicale et \u00e0 la musique classique&#8230; mais les musiques \u00e9lectroniques n&rsquo;\u00e9taient pas boud\u00e9es pour autant et faisait souvent l&rsquo;objet de partage, entre nostalgie et\u00a0 d\u00e9couvertes.<\/p><p>Jeunes adultes, le grand trace sa route vers le m\u00e9tier d&rsquo;ing\u00e9nieur tandis que l&rsquo;autre accumule des exp\u00e9riences dans l&rsquo;animation et le travail social. Il voyage beaucoup et cultive ainsi une ouverture sur le monde et les autres. Ce parcours lui donne souvent l&rsquo;occasion d&rsquo;organiser des jeux, de les animer et d&rsquo;\u00eatre DJ pour les soir\u00e9es !<\/p><p>Pour ses 30 ans, Emmanuel (surnomm\u00e9 DJ Manouman) voit grand car, en tant qu&rsquo;ao\u00fbtien, rares furent les occasions de c\u00e9l\u00e9brer dignement son anniversaire.<\/p><p>Na\u00eet alors l&rsquo;id\u00e9e d&rsquo;un grand \u00e9v\u00e9nement sur tout un weekend pour f\u00eater deux anniversaires, le sien et celui de son meilleur ami Antoine. Au programme, une centaine d&rsquo;invit\u00e9s au c\u0153ur de la Sologne sous les bons hospices d&rsquo;un ch\u00e2teau fabuleux, sur le th\u00e8me des ann\u00e9es 2000. Nostalgie quand tu nous tiens !<\/p><p>Le grand fr\u00e8re rejoint alors l&rsquo;\u00e9quipe d&rsquo;organisation et partage son pr\u00e9cieux savoir technique. Les deux esprits fraternels se retrouvent et se compl\u00e8tent pour r\u00e9ussir cet \u00e9v\u00e9nement qui deviendra l&rsquo;origine de HY EVENT.<\/p>\t\t\t\t\t\t\t\t<\/div>\n\t\t\t\t<\/div>\n\t\t\t\t\t<\/div>\n\t\t\t\t<\/div>\n\t\t<div class=\"elementor-element elementor-element-0d9b27f e-flex e-con-boxed e-con e-parent\" data-id=\"0d9b27f\" data-element_type=\"container\">\n\t\t\t\t\t<div class=\"e-con-inner\">\n\t\t\t\t<div class=\"elementor-element elementor-element-cca9f71 elementor-widget-divider--view-line elementor-widget elementor-widget-divider\" data-id=\"cca9f71\" data-element_type=\"widget\" data-widget_type=\"divider.default\">\n\t\t\t\t<div class=\"elementor-widget-container\">\n\t\t\t\t\t\t\t<div class=\"elementor-divider\">\n\t\t\t<span class=\"elementor-divider-separator\">\n\t\t\t\t\t\t<\/span>\n\t\t<\/div>\n\t\t\t\t\t\t<\/div>\n\t\t\t\t<\/div>\n\t\t\t\t\t<\/div>\n\t\t\t\t<\/div>\n\t\t<div class=\"elementor-element elementor-element-61128f8 e-flex e-con-boxed e-con e-parent\" data-id=\"61128f8\" data-element_type=\"container\">\n\t\t\t\t\t<div class=\"e-con-inner\">\n\t\t\t\t<div class=\"elementor-element elementor-element-1e03e6b elementor-widget elementor-widget-heading\" data-id=\"1e03e6b\" data-element_type=\"widget\" data-widget_type=\"heading.default\">\n\t\t\t\t<div class=\"elementor-widget-container\">\n\t\t\t\t\t<h2 class=\"elementor-heading-title elementor-size-default\">La BROMANCE<\/h2>\t\t\t\t<\/div>\n\t\t\t\t<\/div>\n\t\t\t\t\t<\/div>\n\t\t\t\t<\/div>\n\t\t<div class=\"elementor-element elementor-element-ab50e25 e-flex e-con-boxed e-con e-parent\" data-id=\"ab50e25\" data-element_type=\"container\">\n\t\t\t\t\t<div class=\"e-con-inner\">\n\t\t<div class=\"elementor-element elementor-element-bdd9f2f e-con-full e-flex e-con e-child\" data-id=\"bdd9f2f\" data-element_type=\"container\">\n\t\t\t\t<div class=\"elementor-element elementor-element-78e775d elementor-widget elementor-widget-image\" data-id=\"78e775d\" data-element_type=\"widget\" data-widget_type=\"image.default\">\n\t\t\t\t<div class=\"elementor-widget-container\">\n\t\t\t\t\t\t\t\t\t\t\t\t\t\t\t<img fetchpriority=\"high\" decoding=\"async\" width=\"1024\" height=\"684\" src=\"https:\/\/hyevent.fr\/wp-content\/uploads\/2024\/03\/77-1024x684.webp\" class=\"attachment-large size-large wp-image-293\" alt=\"\" srcset=\"https:\/\/hyevent.fr\/wp-content\/uploads\/2024\/03\/77-1024x684.webp 1024w, https:\/\/hyevent.fr\/wp-content\/uploads\/2024\/03\/77-300x200.webp 300w, https:\/\/hyevent.fr\/wp-content\/uploads\/2024\/03\/77-768x513.webp 768w, https:\/\/hyevent.fr\/wp-content\/uploads\/2024\/03\/77-1536x1025.webp 1536w, https:\/\/hyevent.fr\/wp-content\/uploads\/2024\/03\/77-scaled.webp 1920w, https:\/\/hyevent.fr\/wp-content\/uploads\/2024\/03\/77-930x620.webp 930w\" sizes=\"(max-width: 1024px) 100vw, 1024px\" \/>\t\t\t\t\t\t\t\t\t\t\t\t\t\t\t<\/div>\n\t\t\t\t<\/div>\n\t\t\t\t<\/div>\n\t\t<div class=\"elementor-element elementor-element-7bd7aae e-con-full e-flex e-con e-child\" data-id=\"7bd7aae\" data-element_type=\"container\">\n\t\t\t\t<div class=\"elementor-element elementor-element-c38347f elementor-widget elementor-widget-image\" data-id=\"c38347f\" data-element_type=\"widget\" data-widget_type=\"image.default\">\n\t\t\t\t<div class=\"elementor-widget-container\">\n\t\t\t\t\t\t\t\t\t\t\t\t\t\t\t<img decoding=\"async\" width=\"1024\" height=\"684\" src=\"https:\/\/hyevent.fr\/wp-content\/uploads\/2024\/03\/22-1024x684.webp\" class=\"attachment-large size-large wp-image-292\" alt=\"\" srcset=\"https:\/\/hyevent.fr\/wp-content\/uploads\/2024\/03\/22-1024x684.webp 1024w, https:\/\/hyevent.fr\/wp-content\/uploads\/2024\/03\/22-300x200.webp 300w, https:\/\/hyevent.fr\/wp-content\/uploads\/2024\/03\/22-768x513.webp 768w, https:\/\/hyevent.fr\/wp-content\/uploads\/2024\/03\/22-1536x1026.webp 1536w, https:\/\/hyevent.fr\/wp-content\/uploads\/2024\/03\/22-scaled.webp 1920w, https:\/\/hyevent.fr\/wp-content\/uploads\/2024\/03\/22-930x620.webp 930w\" sizes=\"(max-width: 1024px) 100vw, 1024px\" \/>\t\t\t\t\t\t\t\t\t\t\t\t\t\t\t<\/div>\n\t\t\t\t<\/div>\n\t\t\t\t<\/div>\n\t\t\t\t\t<\/div>\n\t\t\t\t<\/div>\n\t\t<div class=\"elementor-element elementor-element-19a6b1e e-flex e-con-boxed e-con e-parent\" data-id=\"19a6b1e\" data-element_type=\"container\">\n\t\t\t\t\t<div class=\"e-con-inner\">\n\t\t<div class=\"elementor-element elementor-element-d5954f0 e-con-full e-flex e-con e-child\" data-id=\"d5954f0\" data-element_type=\"container\">\n\t\t\t\t<div class=\"elementor-element elementor-element-f2e9ff2 elementor-widget elementor-widget-image\" data-id=\"f2e9ff2\" data-element_type=\"widget\" data-widget_type=\"image.default\">\n\t\t\t\t<div class=\"elementor-widget-container\">\n\t\t\t\t\t\t\t\t\t\t\t\t\t\t\t<img decoding=\"async\" width=\"724\" height=\"1024\" src=\"https:\/\/hyevent.fr\/wp-content\/uploads\/2024\/03\/Welcome-2000-724x1024.webp\" class=\"attachment-large size-large wp-image-290\" alt=\"\" srcset=\"https:\/\/hyevent.fr\/wp-content\/uploads\/2024\/03\/Welcome-2000-724x1024.webp 724w, https:\/\/hyevent.fr\/wp-content\/uploads\/2024\/03\/Welcome-2000-212x300.webp 212w, https:\/\/hyevent.fr\/wp-content\/uploads\/2024\/03\/Welcome-2000-768x1086.webp 768w, https:\/\/hyevent.fr\/wp-content\/uploads\/2024\/03\/Welcome-2000-1086x1536.webp 1086w, https:\/\/hyevent.fr\/wp-content\/uploads\/2024\/03\/Welcome-2000.webp 1357w\" sizes=\"(max-width: 724px) 100vw, 724px\" \/>\t\t\t\t\t\t\t\t\t\t\t\t\t\t\t<\/div>\n\t\t\t\t<\/div>\n\t\t\t\t<\/div>\n\t\t<div class=\"elementor-element elementor-element-d095ad5 e-con-full e-flex e-con e-child\" data-id=\"d095ad5\" data-element_type=\"container\">\n\t\t<div class=\"elementor-element elementor-element-7b49857 e-flex e-con-boxed e-con e-child\" data-id=\"7b49857\" data-element_type=\"container\">\n\t\t\t\t\t<div class=\"e-con-inner\">\n\t\t\t\t<div class=\"elementor-element elementor-element-cd150d9 elementor-widget elementor-widget-image\" data-id=\"cd150d9\" data-element_type=\"widget\" data-widget_type=\"image.default\">\n\t\t\t\t<div class=\"elementor-widget-container\">\n\t\t\t\t\t\t\t\t\t\t\t\t\t\t\t<img loading=\"lazy\" decoding=\"async\" width=\"1024\" height=\"683\" src=\"https:\/\/hyevent.fr\/wp-content\/uploads\/2024\/03\/IMG_1455-1024x683.webp\" class=\"attachment-large size-large wp-image-289\" alt=\"\" srcset=\"https:\/\/hyevent.fr\/wp-content\/uploads\/2024\/03\/IMG_1455-1024x683.webp 1024w, https:\/\/hyevent.fr\/wp-content\/uploads\/2024\/03\/IMG_1455-300x200.webp 300w, https:\/\/hyevent.fr\/wp-content\/uploads\/2024\/03\/IMG_1455-768x512.webp 768w, https:\/\/hyevent.fr\/wp-content\/uploads\/2024\/03\/IMG_1455-1536x1024.webp 1536w, https:\/\/hyevent.fr\/wp-content\/uploads\/2024\/03\/IMG_1455-scaled.webp 1920w, https:\/\/hyevent.fr\/wp-content\/uploads\/2024\/03\/IMG_1455-930x620.webp 930w\" sizes=\"(max-width: 1024px) 100vw, 1024px\" \/>\t\t\t\t\t\t\t\t\t\t\t\t\t\t\t<\/div>\n\t\t\t\t<\/div>\n\t\t\t\t\t<\/div>\n\t\t\t\t<\/div>\n\t\t<div class=\"elementor-element elementor-element-5599932 e-flex e-con-boxed e-con e-child\" data-id=\"5599932\" data-element_type=\"container\">\n\t\t\t\t\t<div class=\"e-con-inner\">\n\t\t\t\t<div class=\"elementor-element elementor-element-1c256fc elementor-widget elementor-widget-image\" data-id=\"1c256fc\" data-element_type=\"widget\" data-widget_type=\"image.default\">\n\t\t\t\t<div class=\"elementor-widget-container\">\n\t\t\t\t\t\t\t\t\t\t\t\t\t\t\t<img loading=\"lazy\" decoding=\"async\" width=\"1024\" height=\"683\" src=\"https:\/\/hyevent.fr\/wp-content\/uploads\/2024\/03\/IMG_1604-1024x683.webp\" class=\"attachment-large size-large wp-image-295\" alt=\"\" srcset=\"https:\/\/hyevent.fr\/wp-content\/uploads\/2024\/03\/IMG_1604-1024x683.webp 1024w, https:\/\/hyevent.fr\/wp-content\/uploads\/2024\/03\/IMG_1604-300x200.webp 300w, https:\/\/hyevent.fr\/wp-content\/uploads\/2024\/03\/IMG_1604-768x512.webp 768w, https:\/\/hyevent.fr\/wp-content\/uploads\/2024\/03\/IMG_1604-1536x1024.webp 1536w, https:\/\/hyevent.fr\/wp-content\/uploads\/2024\/03\/IMG_1604-scaled.webp 1920w, https:\/\/hyevent.fr\/wp-content\/uploads\/2024\/03\/IMG_1604-930x620.webp 930w\" sizes=\"(max-width: 1024px) 100vw, 1024px\" \/>\t\t\t\t\t\t\t\t\t\t\t\t\t\t\t<\/div>\n\t\t\t\t<\/div>\n\t\t\t\t\t<\/div>\n\t\t\t\t<\/div>\n\t\t\t\t<\/div>\n\t\t\t\t\t<\/div>\n\t\t\t\t<\/div>\n\t\t\t\t<\/div>\n\t\t","protected":false},"excerpt":{"rendered":"<p>G\u00e9n\u00e8sE de HY EVENT HY EVENT est n\u00e9 d\u2019une passion commune depuis l\u2019enfance de deux fr\u00e8res, Emmanuel et Maxime, pour la musique, l\u2019animation et les \u00e9v\u00e9nements festifs de grande qualit\u00e9. Au commencement, une compilation Dance Machine : Fin des ann\u00e9es 90, en banlieue parisienne dans une chambre partag\u00e9e, tandis que le petit fr\u00e8re est encore&hellip;&nbsp;<a href=\"https:\/\/hyevent.fr\/index.php\/qui-sommes-nous\/\" class=\"\" rel=\"bookmark\">Lire la suite &raquo;<span class=\"screen-reader-text\">Qui sommes nous ?<\/span><\/a><\/p>\n","protected":false},"author":1,"featured_media":0,"parent":0,"menu_order":0,"comment_status":"closed","ping_status":"closed","template":"page-templates\/template-pagebuilder-full-width.php","meta":{"neve_meta_sidebar":"","neve_meta_container":"","neve_meta_enable_content_width":"","neve_meta_content_width":0,"neve_meta_title_alignment":"","neve_meta_author_avatar":"","neve_post_elements_order":"","neve_meta_disable_header":"","neve_meta_disable_footer":"","neve_meta_disable_title":"","footnotes":""},"class_list":["post-27","page","type-page","status-publish","hentry"],"yoast_head":"<!-- This site is optimized with the Yoast SEO plugin v27.3 - https:\/\/yoast.com\/product\/yoast-seo-wordpress\/ -->\n<title>Qui sommes nous ? - HY EVENT<\/title>\n<meta name=\"robots\" content=\"index, follow, max-snippet:-1, max-image-preview:large, max-video-preview:-1\" \/>\n<link rel=\"canonical\" href=\"https:\/\/hyevent.fr\/index.php\/qui-sommes-nous\/\" \/>\n<meta property=\"og:locale\" content=\"fr_FR\" \/>\n<meta property=\"og:type\" content=\"article\" \/>\n<meta property=\"og:title\" content=\"Qui sommes nous ? - HY EVENT\" \/>\n<meta property=\"og:description\" content=\"G\u00e9n\u00e8sE de HY EVENT HY EVENT est n\u00e9 d\u2019une passion commune depuis l\u2019enfance de deux fr\u00e8res, Emmanuel et Maxime, pour la musique, l\u2019animation et les \u00e9v\u00e9nements festifs de grande qualit\u00e9. Au commencement, une compilation Dance Machine : Fin des ann\u00e9es 90, en banlieue parisienne dans une chambre partag\u00e9e, tandis que le petit fr\u00e8re est encore&hellip;&nbsp;Lire la suite &raquo;Qui sommes nous ?\" \/>\n<meta property=\"og:url\" content=\"https:\/\/hyevent.fr\/index.php\/qui-sommes-nous\/\" \/>\n<meta property=\"og:site_name\" content=\"HY EVENT\" \/>\n<meta property=\"article:publisher\" content=\"https:\/\/www.facebook.com\/HY.EVENT.PARIS\" \/>\n<meta property=\"article:modified_time\" content=\"2024-05-14T09:39:28+00:00\" \/>\n<meta property=\"og:image\" content=\"http:\/\/hyevent.fr\/wp-content\/uploads\/2024\/03\/77-1024x684.webp\" \/>\n<meta name=\"twitter:card\" content=\"summary_large_image\" \/>\n<meta name=\"twitter:label1\" content=\"Dur\u00e9e de lecture estim\u00e9e\" \/>\n\t<meta name=\"twitter:data1\" content=\"3 minutes\" \/>\n<script type=\"application\/ld+json\" class=\"yoast-schema-graph\">{\"@context\":\"https:\\\/\\\/schema.org\",\"@graph\":[{\"@type\":\"WebPage\",\"@id\":\"https:\\\/\\\/hyevent.fr\\\/index.php\\\/qui-sommes-nous\\\/\",\"url\":\"https:\\\/\\\/hyevent.fr\\\/index.php\\\/qui-sommes-nous\\\/\",\"name\":\"Qui sommes nous ? - HY EVENT\",\"isPartOf\":{\"@id\":\"http:\\\/\\\/hyevent.fr\\\/#website\"},\"primaryImageOfPage\":{\"@id\":\"https:\\\/\\\/hyevent.fr\\\/index.php\\\/qui-sommes-nous\\\/#primaryimage\"},\"image\":{\"@id\":\"https:\\\/\\\/hyevent.fr\\\/index.php\\\/qui-sommes-nous\\\/#primaryimage\"},\"thumbnailUrl\":\"http:\\\/\\\/hyevent.fr\\\/wp-content\\\/uploads\\\/2024\\\/03\\\/77-1024x684.webp\",\"datePublished\":\"2024-03-29T15:49:01+00:00\",\"dateModified\":\"2024-05-14T09:39:28+00:00\",\"breadcrumb\":{\"@id\":\"https:\\\/\\\/hyevent.fr\\\/index.php\\\/qui-sommes-nous\\\/#breadcrumb\"},\"inLanguage\":\"fr-FR\",\"potentialAction\":[{\"@type\":\"ReadAction\",\"target\":[\"https:\\\/\\\/hyevent.fr\\\/index.php\\\/qui-sommes-nous\\\/\"]}]},{\"@type\":\"ImageObject\",\"inLanguage\":\"fr-FR\",\"@id\":\"https:\\\/\\\/hyevent.fr\\\/index.php\\\/qui-sommes-nous\\\/#primaryimage\",\"url\":\"https:\\\/\\\/hyevent.fr\\\/wp-content\\\/uploads\\\/2024\\\/03\\\/77-scaled.webp\",\"contentUrl\":\"https:\\\/\\\/hyevent.fr\\\/wp-content\\\/uploads\\\/2024\\\/03\\\/77-scaled.webp\",\"width\":1920,\"height\":1282},{\"@type\":\"BreadcrumbList\",\"@id\":\"https:\\\/\\\/hyevent.fr\\\/index.php\\\/qui-sommes-nous\\\/#breadcrumb\",\"itemListElement\":[{\"@type\":\"ListItem\",\"position\":1,\"name\":\"Accueil\",\"item\":\"http:\\\/\\\/hyevent.fr\\\/\"},{\"@type\":\"ListItem\",\"position\":2,\"name\":\"Qui sommes nous ?\"}]},{\"@type\":\"WebSite\",\"@id\":\"http:\\\/\\\/hyevent.fr\\\/#website\",\"url\":\"http:\\\/\\\/hyevent.fr\\\/\",\"name\":\"HY EVENT\",\"description\":\"Ensemble, sublimons votre \u00e9v\u00e9nement.\",\"publisher\":{\"@id\":\"http:\\\/\\\/hyevent.fr\\\/#organization\"},\"potentialAction\":[{\"@type\":\"SearchAction\",\"target\":{\"@type\":\"EntryPoint\",\"urlTemplate\":\"http:\\\/\\\/hyevent.fr\\\/?s={search_term_string}\"},\"query-input\":{\"@type\":\"PropertyValueSpecification\",\"valueRequired\":true,\"valueName\":\"search_term_string\"}}],\"inLanguage\":\"fr-FR\"},{\"@type\":\"Organization\",\"@id\":\"http:\\\/\\\/hyevent.fr\\\/#organization\",\"name\":\"HY EVENT\",\"url\":\"http:\\\/\\\/hyevent.fr\\\/\",\"logo\":{\"@type\":\"ImageObject\",\"inLanguage\":\"fr-FR\",\"@id\":\"http:\\\/\\\/hyevent.fr\\\/#\\\/schema\\\/logo\\\/image\\\/\",\"url\":\"https:\\\/\\\/hyevent.fr\\\/wp-content\\\/uploads\\\/2024\\\/03\\\/Logo-Hy-Event-e1711475951212.png\",\"contentUrl\":\"https:\\\/\\\/hyevent.fr\\\/wp-content\\\/uploads\\\/2024\\\/03\\\/Logo-Hy-Event-e1711475951212.png\",\"width\":130,\"height\":130,\"caption\":\"HY EVENT\"},\"image\":{\"@id\":\"http:\\\/\\\/hyevent.fr\\\/#\\\/schema\\\/logo\\\/image\\\/\"},\"sameAs\":[\"https:\\\/\\\/www.facebook.com\\\/HY.EVENT.PARIS\",\"https:\\\/\\\/www.instagram.com\\\/hy_event_paris\\\/\",\"https:\\\/\\\/www.linkedin.com\\\/company\\\/hy-event\\\/\"]}]}<\/script>\n<!-- \/ Yoast SEO plugin. -->","yoast_head_json":{"title":"Qui sommes nous ? - HY EVENT","robots":{"index":"index","follow":"follow","max-snippet":"max-snippet:-1","max-image-preview":"max-image-preview:large","max-video-preview":"max-video-preview:-1"},"canonical":"https:\/\/hyevent.fr\/index.php\/qui-sommes-nous\/","og_locale":"fr_FR","og_type":"article","og_title":"Qui sommes nous ? - HY EVENT","og_description":"G\u00e9n\u00e8sE de HY EVENT HY EVENT est n\u00e9 d\u2019une passion commune depuis l\u2019enfance de deux fr\u00e8res, Emmanuel et Maxime, pour la musique, l\u2019animation et les \u00e9v\u00e9nements festifs de grande qualit\u00e9. Au commencement, une compilation Dance Machine : Fin des ann\u00e9es 90, en banlieue parisienne dans une chambre partag\u00e9e, tandis que le petit fr\u00e8re est encore&hellip;&nbsp;Lire la suite &raquo;Qui sommes nous ?","og_url":"https:\/\/hyevent.fr\/index.php\/qui-sommes-nous\/","og_site_name":"HY EVENT","article_publisher":"https:\/\/www.facebook.com\/HY.EVENT.PARIS","article_modified_time":"2024-05-14T09:39:28+00:00","og_image":[{"url":"http:\/\/hyevent.fr\/wp-content\/uploads\/2024\/03\/77-1024x684.webp","type":"","width":"","height":""}],"twitter_card":"summary_large_image","twitter_misc":{"Dur\u00e9e de lecture estim\u00e9e":"3 minutes"},"schema":{"@context":"https:\/\/schema.org","@graph":[{"@type":"WebPage","@id":"https:\/\/hyevent.fr\/index.php\/qui-sommes-nous\/","url":"https:\/\/hyevent.fr\/index.php\/qui-sommes-nous\/","name":"Qui sommes nous ? - HY EVENT","isPartOf":{"@id":"http:\/\/hyevent.fr\/#website"},"primaryImageOfPage":{"@id":"https:\/\/hyevent.fr\/index.php\/qui-sommes-nous\/#primaryimage"},"image":{"@id":"https:\/\/hyevent.fr\/index.php\/qui-sommes-nous\/#primaryimage"},"thumbnailUrl":"http:\/\/hyevent.fr\/wp-content\/uploads\/2024\/03\/77-1024x684.webp","datePublished":"2024-03-29T15:49:01+00:00","dateModified":"2024-05-14T09:39:28+00:00","breadcrumb":{"@id":"https:\/\/hyevent.fr\/index.php\/qui-sommes-nous\/#breadcrumb"},"inLanguage":"fr-FR","potentialAction":[{"@type":"ReadAction","target":["https:\/\/hyevent.fr\/index.php\/qui-sommes-nous\/"]}]},{"@type":"ImageObject","inLanguage":"fr-FR","@id":"https:\/\/hyevent.fr\/index.php\/qui-sommes-nous\/#primaryimage","url":"https:\/\/hyevent.fr\/wp-content\/uploads\/2024\/03\/77-scaled.webp","contentUrl":"https:\/\/hyevent.fr\/wp-content\/uploads\/2024\/03\/77-scaled.webp","width":1920,"height":1282},{"@type":"BreadcrumbList","@id":"https:\/\/hyevent.fr\/index.php\/qui-sommes-nous\/#breadcrumb","itemListElement":[{"@type":"ListItem","position":1,"name":"Accueil","item":"http:\/\/hyevent.fr\/"},{"@type":"ListItem","position":2,"name":"Qui sommes nous ?"}]},{"@type":"WebSite","@id":"http:\/\/hyevent.fr\/#website","url":"http:\/\/hyevent.fr\/","name":"HY EVENT","description":"Ensemble, sublimons votre \u00e9v\u00e9nement.","publisher":{"@id":"http:\/\/hyevent.fr\/#organization"},"potentialAction":[{"@type":"SearchAction","target":{"@type":"EntryPoint","urlTemplate":"http:\/\/hyevent.fr\/?s={search_term_string}"},"query-input":{"@type":"PropertyValueSpecification","valueRequired":true,"valueName":"search_term_string"}}],"inLanguage":"fr-FR"},{"@type":"Organization","@id":"http:\/\/hyevent.fr\/#organization","name":"HY EVENT","url":"http:\/\/hyevent.fr\/","logo":{"@type":"ImageObject","inLanguage":"fr-FR","@id":"http:\/\/hyevent.fr\/#\/schema\/logo\/image\/","url":"https:\/\/hyevent.fr\/wp-content\/uploads\/2024\/03\/Logo-Hy-Event-e1711475951212.png","contentUrl":"https:\/\/hyevent.fr\/wp-content\/uploads\/2024\/03\/Logo-Hy-Event-e1711475951212.png","width":130,"height":130,"caption":"HY EVENT"},"image":{"@id":"http:\/\/hyevent.fr\/#\/schema\/logo\/image\/"},"sameAs":["https:\/\/www.facebook.com\/HY.EVENT.PARIS","https:\/\/www.instagram.com\/hy_event_paris\/","https:\/\/www.linkedin.com\/company\/hy-event\/"]}]}},"_links":{"self":[{"href":"https:\/\/hyevent.fr\/index.php\/wp-json\/wp\/v2\/pages\/27","targetHints":{"allow":["GET"]}}],"collection":[{"href":"https:\/\/hyevent.fr\/index.php\/wp-json\/wp\/v2\/pages"}],"about":[{"href":"https:\/\/hyevent.fr\/index.php\/wp-json\/wp\/v2\/types\/page"}],"author":[{"embeddable":true,"href":"https:\/\/hyevent.fr\/index.php\/wp-json\/wp\/v2\/users\/1"}],"replies":[{"embeddable":true,"href":"https:\/\/hyevent.fr\/index.php\/wp-json\/wp\/v2\/comments?post=27"}],"version-history":[{"count":27,"href":"https:\/\/hyevent.fr\/index.php\/wp-json\/wp\/v2\/pages\/27\/revisions"}],"predecessor-version":[{"id":649,"href":"https:\/\/hyevent.fr\/index.php\/wp-json\/wp\/v2\/pages\/27\/revisions\/649"}],"wp:attachment":[{"href":"https:\/\/hyevent.fr\/index.php\/wp-json\/wp\/v2\/media?parent=27"}],"curies":[{"name":"wp","href":"https:\/\/api.w.org\/{rel}","templated":true}]}}